{"id":59,"date":"2022-12-19T20:15:38","date_gmt":"2022-12-19T20:15:38","guid":{"rendered":"https:\/\/basicsl.net\/casagaliciacordoba\/?page_id=59"},"modified":"2022-12-23T20:51:42","modified_gmt":"2022-12-23T20:51:42","slug":"asociacion","status":"publish","type":"page","link":"https:\/\/basicsl.net\/casagaliciacordoba\/asociacion\/","title":{"rendered":"Asociaci\u00f3n"},"content":{"rendered":"<div class=\"wp-block-image\">\n<figure class=\"aligncenter size-large\"><a href=\"https:\/\/basicsl.net\/casagaliciacordoba\/wp-content\/uploads\/2022\/12\/primeras-piedras-scaled.jpg\"><img decoding=\"async\" loading=\"lazy\" width=\"1024\" height=\"615\" src=\"https:\/\/basicsl.net\/casagaliciacordoba\/wp-content\/uploads\/2022\/12\/primeras-piedras-1024x615.jpg\" alt=\"\" class=\"wp-image-214\" srcset=\"https:\/\/basicsl.net\/casagaliciacordoba\/wp-content\/uploads\/2022\/12\/primeras-piedras-1024x615.jpg 1024w, https:\/\/basicsl.net\/casagaliciacordoba\/wp-content\/uploads\/2022\/12\/primeras-piedras-300x180.jpg 300w, https:\/\/basicsl.net\/casagaliciacordoba\/wp-content\/uploads\/2022\/12\/primeras-piedras-768x461.jpg 768w, https:\/\/basicsl.net\/casagaliciacordoba\/wp-content\/uploads\/2022\/12\/primeras-piedras-1536x922.jpg 1536w, https:\/\/basicsl.net\/casagaliciacordoba\/wp-content\/uploads\/2022\/12\/primeras-piedras-2048x1229.jpg 2048w, https:\/\/basicsl.net\/casagaliciacordoba\/wp-content\/uploads\/2022\/12\/primeras-piedras-100x60.jpg 100w\" sizes=\"(max-width: 1024px) 100vw, 1024px\" \/><\/a><figcaption class=\"wp-element-caption\">Primeras Piedras de la Casa de Galicia en C\u00f3rdoba<\/figcaption><\/figure><\/div>\n\n\n<p><\/p>\n\n\n\n<p>En 1986, los gallegos emigrados en C\u00f3rdoba, fundan la Casa de Galicia de C\u00f3rdoba, que con el tiempo se ha convertido en un referente cultural y social.<\/p>\n\n\n\n<p>El d\u00eda siete de febrero de dicho a\u00f1o se re\u00fanen en el Hotel Oasis un grupo de gallegos residentes en C\u00f3rdoba y provincia para la celebraci\u00f3n de la Asamblea general constitutiva de la Asociaci\u00f3n CASA DE GALICIA EN C\u00d3RDOBA, a cuyo efecto fueron convocados por la Junta Gestora mediante circular y anuncio insertado en el Diario C\u00f3rdoba de fechas 17 y 29 de enero respectivamente.<\/p>\n\n\n\n<p>En esta reuni\u00f3n act\u00faa en funciones de Presidente don Antonio Fari\u00f1as Mangana y como Secretaria Do\u00f1a Purificaci\u00f3n Fern\u00e1ndez V\u00e1zquez.<\/p>\n\n\n\n<p>En esta fecha se nombra la primera Junta Directiva compuesta por:<\/p>\n\n\n\n<p>Presidente: D. Carlos Dom\u00ednguez Conde<\/p>\n\n\n\n<p>Vicepresidentes: Do\u00f1a Rosa Mar\u00eda Outeiri\u00f1o Otero y don Antonio Fari\u00f1as Mangana<\/p>\n\n\n\n<p>Secretario: Don Ram\u00f3n Castroagud\u00edn Torres<\/p>\n\n\n\n<p>Vicesecretaria: Do\u00f1a Purificaci\u00f3n Fern\u00e1ndez V\u00e1zquez<\/p>\n\n\n\n<p>Tesorero: Don Manuel Acasuso Mart\u00ednez<\/p>\n\n\n\n<p>Vocales: Don Francisco Bellido Garc\u00eda<\/p>\n\n\n\n<p>&nbsp; &nbsp; &nbsp; &nbsp; &nbsp; &nbsp; &nbsp; &nbsp;Don Jos\u00e9 Manuel de Bernardo Ares<\/p>\n\n\n\n<p>&nbsp; &nbsp; &nbsp; &nbsp; &nbsp; &nbsp; &nbsp; &nbsp;Don Segundo Di\u00e9guez Failde<\/p>\n\n\n\n<p>&nbsp; &nbsp; &nbsp; &nbsp; &nbsp; &nbsp; &nbsp; &nbsp;Do\u00f1a Isabel Fern\u00e1ndez Carballo<\/p>\n\n\n\n<p>&nbsp; &nbsp; &nbsp; &nbsp; &nbsp; &nbsp; &nbsp; &nbsp;Don Jos\u00e9 Ram\u00f3n Garc\u00eda Fern\u00e1ndez<\/p>\n\n\n\n<p>&nbsp; &nbsp; &nbsp; &nbsp; &nbsp; &nbsp; &nbsp; &nbsp;Don Antonio Jim\u00e9nez Castro<\/p>\n\n\n\n<p>&nbsp; &nbsp; &nbsp; &nbsp; &nbsp; &nbsp; &nbsp; &nbsp;Don Guillermo Linares Lostau<\/p>\n\n\n\n<p>&nbsp; &nbsp; &nbsp; &nbsp; &nbsp; &nbsp; &nbsp; &nbsp;Don Jos\u00e9 Luis Mi\u00f1o Fugarolas<\/p>\n\n\n\n<p>La primera sede estuvo situada en el Bar Airi\u00f1os, lugar donde celebramos las reuniones.&nbsp;A\u00f1os m\u00e1s tarde y gracias al apoyo de la Xunta de Galicia y la participaci\u00f3n de todos los socios de la Casa de Galicia, pudimos adquirir la actual sede situada en Plaza de San Pedro, 1.<\/p>\n\n\n\n<p>La Casa de Galicia en C\u00f3rdoba es un referente cultural y social en la ciudad de C\u00f3rdoba, con sus actividades como el Premio de Poes\u00eda Rosal\u00eda de Castro, la celebraci\u00f3n del D\u00eda de las Letras Gallegas, ciclos de conferencias, ciclo de cine, etc. Es miembro de la Federaci\u00f3n de Centros Gallegos en Andaluc\u00eda. Mantiene una estrecha relaci\u00f3n con entidades locales y regionales como Ayuntamiento de C\u00f3rdoba, Junta de Andaluc\u00eda y est\u00e1 en permanente colaboraci\u00f3n con la Xunta de Galicia a trav\u00e9s de la Secretar\u00eda Xeral de Emigraci\u00f3n y con Conseller\u00edas como la de Cultura.<\/p>\n","protected":false},"excerpt":{"rendered":"<p>En 1986, los gallegos emigrados en C\u00f3rdoba, fundan la Casa de Galicia de C\u00f3rdoba, que con el tiempo se ha convertido en un referente cultural y social. El d\u00eda siete &hellip; <\/p>\n","protected":false},"author":1,"featured_media":308,"parent":0,"menu_order":0,"comment_status":"closed","ping_status":"closed","template":"","meta":[],"_links":{"self":[{"href":"https:\/\/basicsl.net\/casagaliciacordoba\/wp-json\/wp\/v2\/pages\/59"}],"collection":[{"href":"https:\/\/basicsl.net\/casagaliciacordoba\/wp-json\/wp\/v2\/pages"}],"about":[{"href":"https:\/\/basicsl.net\/casagaliciacordoba\/wp-json\/wp\/v2\/types\/page"}],"author":[{"embeddable":true,"href":"https:\/\/basicsl.net\/casagaliciacordoba\/wp-json\/wp\/v2\/users\/1"}],"replies":[{"embeddable":true,"href":"https:\/\/basicsl.net\/casagaliciacordoba\/wp-json\/wp\/v2\/comments?post=59"}],"version-history":[{"count":7,"href":"https:\/\/basicsl.net\/casagaliciacordoba\/wp-json\/wp\/v2\/pages\/59\/revisions"}],"predecessor-version":[{"id":359,"href":"https:\/\/basicsl.net\/casagaliciacordoba\/wp-json\/wp\/v2\/pages\/59\/revisions\/359"}],"wp:featuredmedia":[{"embeddable":true,"href":"https:\/\/basicsl.net\/casagaliciacordoba\/wp-json\/wp\/v2\/media\/308"}],"wp:attachment":[{"href":"https:\/\/basicsl.net\/casagaliciacordoba\/wp-json\/wp\/v2\/media?parent=59"}],"curies":[{"name":"wp","href":"https:\/\/api.w.org\/{rel}","templated":true}]}}