{"id":31,"date":"2022-12-19T19:55:10","date_gmt":"2022-12-19T19:55:10","guid":{"rendered":"https:\/\/basicsl.net\/casagaliciacordoba\/?page_id=31"},"modified":"2022-12-23T00:00:59","modified_gmt":"2022-12-23T00:00:59","slug":"revista-orballo","status":"publish","type":"page","link":"https:\/\/basicsl.net\/casagaliciacordoba\/revista-orballo\/","title":{"rendered":"Revista Orballo"},"content":{"rendered":"\n<p>Orballo: Revista de Actividades inicia su singladura plet\u00f3rica de ilusi\u00f3n y entusiasmo. Pretendemos con ella hacer un balance sobre lo que hacemos y promover una fluida comunicaci\u00f3n entre todos a trav\u00e9s de la abierta, respetuosa y sincera reflexi\u00f3n individual.<\/p>\n\n\n\n<p>Orballo, llovizna, lluvia menuda, chuvia mi\u00fada, es lo que deseamos que sea esta Revista en nuestra Asociaci\u00f3n.<\/p>\n\n\n\n<figure class=\"is-layout-flex wp-block-gallery-1 wp-block-gallery has-nested-images columns-default is-cropped\">\n<figure class=\"wp-block-image size-large\"><a href=\"https:\/\/basicsl.net\/casagaliciacordoba\/wp-content\/uploads\/2022\/12\/Orballo-2014.pdf\" target=\"_blank\" rel=\"noreferrer noopener\"><img decoding=\"async\" loading=\"lazy\" width=\"212\" height=\"300\" data-id=\"191\"  src=\"https:\/\/basicsl.net\/casagaliciacordoba\/wp-content\/uploads\/2022\/12\/Orballo-2014.jpg\" alt=\"\" class=\"wp-image-191\" srcset=\"https:\/\/basicsl.net\/casagaliciacordoba\/wp-content\/uploads\/2022\/12\/Orballo-2014.jpg 212w, https:\/\/basicsl.net\/casagaliciacordoba\/wp-content\/uploads\/2022\/12\/Orballo-2014-42x60.jpg 42w\" sizes=\"(max-width: 212px) 100vw, 212px\" \/><\/a><\/figure>\n\n\n\n<figure class=\"wp-block-image size-large\"><a href=\"https:\/\/basicsl.net\/casagaliciacordoba\/wp-content\/uploads\/2022\/12\/Orballo-2015.pdf\" target=\"_blank\" rel=\"noreferrer noopener\"><img decoding=\"async\" loading=\"lazy\" width=\"212\" height=\"300\" data-id=\"193\"  src=\"https:\/\/basicsl.net\/casagaliciacordoba\/wp-content\/uploads\/2022\/12\/Orballo-2015.jpg\" alt=\"\" class=\"wp-image-193\" srcset=\"https:\/\/basicsl.net\/casagaliciacordoba\/wp-content\/uploads\/2022\/12\/Orballo-2015.jpg 212w, https:\/\/basicsl.net\/casagaliciacordoba\/wp-content\/uploads\/2022\/12\/Orballo-2015-42x60.jpg 42w\" sizes=\"(max-width: 212px) 100vw, 212px\" \/><\/a><\/figure>\n\n\n\n<figure class=\"wp-block-image size-large\"><a href=\"https:\/\/basicsl.net\/casagaliciacordoba\/wp-content\/uploads\/2022\/12\/Orballo-2016.pdf\" target=\"_blank\" rel=\"noreferrer noopener\"><img decoding=\"async\" loading=\"lazy\" width=\"212\" height=\"300\" data-id=\"194\"  src=\"https:\/\/basicsl.net\/casagaliciacordoba\/wp-content\/uploads\/2022\/12\/Orballo-2016.jpg\" alt=\"\" class=\"wp-image-194\" srcset=\"https:\/\/basicsl.net\/casagaliciacordoba\/wp-content\/uploads\/2022\/12\/Orballo-2016.jpg 212w, https:\/\/basicsl.net\/casagaliciacordoba\/wp-content\/uploads\/2022\/12\/Orballo-2016-42x60.jpg 42w\" sizes=\"(max-width: 212px) 100vw, 212px\" \/><\/a><\/figure>\n\n\n\n<figure class=\"wp-block-image size-large\"><a href=\"https:\/\/basicsl.net\/casagaliciacordoba\/wp-content\/uploads\/2022\/12\/Orballo-2017.pdf\" target=\"_blank\" rel=\"noreferrer noopener\"><img decoding=\"async\" loading=\"lazy\" width=\"212\" height=\"300\" data-id=\"189\"  src=\"https:\/\/basicsl.net\/casagaliciacordoba\/wp-content\/uploads\/2022\/12\/Orballo-2017.jpg\" alt=\"\" class=\"wp-image-189\" srcset=\"https:\/\/basicsl.net\/casagaliciacordoba\/wp-content\/uploads\/2022\/12\/Orballo-2017.jpg 212w, https:\/\/basicsl.net\/casagaliciacordoba\/wp-content\/uploads\/2022\/12\/Orballo-2017-42x60.jpg 42w\" sizes=\"(max-width: 212px) 100vw, 212px\" \/><\/a><\/figure>\n\n\n\n<figure class=\"wp-block-image size-large\"><a href=\"https:\/\/basicsl.net\/casagaliciacordoba\/wp-content\/uploads\/2022\/12\/Orballo-2018.pdf\" target=\"_blank\" rel=\"noreferrer noopener\"><img decoding=\"async\" loading=\"lazy\" width=\"710\" height=\"1024\" data-id=\"190\"  src=\"https:\/\/basicsl.net\/casagaliciacordoba\/wp-content\/uploads\/2022\/12\/Orballo-2018-710x1024.jpg\" alt=\"\" class=\"wp-image-190\" srcset=\"https:\/\/basicsl.net\/casagaliciacordoba\/wp-content\/uploads\/2022\/12\/Orballo-2018-710x1024.jpg 710w, https:\/\/basicsl.net\/casagaliciacordoba\/wp-content\/uploads\/2022\/12\/Orballo-2018-208x300.jpg 208w, https:\/\/basicsl.net\/casagaliciacordoba\/wp-content\/uploads\/2022\/12\/Orballo-2018-42x60.jpg 42w, https:\/\/basicsl.net\/casagaliciacordoba\/wp-content\/uploads\/2022\/12\/Orballo-2018.jpg 720w\" sizes=\"(max-width: 710px) 100vw, 710px\" \/><\/a><\/figure>\n<\/figure>\n","protected":false},"excerpt":{"rendered":"<p>Orballo: Revista de Actividades inicia su singladura plet\u00f3rica de ilusi\u00f3n y entusiasmo. Pretendemos con ella hacer un balance sobre lo que hacemos y promover una fluida comunicaci\u00f3n entre todos a &hellip; <\/p>\n","protected":false},"author":1,"featured_media":315,"parent":0,"menu_order":0,"comment_status":"closed","ping_status":"closed","template":"","meta":[],"_links":{"self":[{"href":"https:\/\/basicsl.net\/casagaliciacordoba\/wp-json\/wp\/v2\/pages\/31"}],"collection":[{"href":"https:\/\/basicsl.net\/casagaliciacordoba\/wp-json\/wp\/v2\/pages"}],"about":[{"href":"https:\/\/basicsl.net\/casagaliciacordoba\/wp-json\/wp\/v2\/types\/page"}],"author":[{"embeddable":true,"href":"https:\/\/basicsl.net\/casagaliciacordoba\/wp-json\/wp\/v2\/users\/1"}],"replies":[{"embeddable":true,"href":"https:\/\/basicsl.net\/casagaliciacordoba\/wp-json\/wp\/v2\/comments?post=31"}],"version-history":[{"count":8,"href":"https:\/\/basicsl.net\/casagaliciacordoba\/wp-json\/wp\/v2\/pages\/31\/revisions"}],"predecessor-version":[{"id":351,"href":"https:\/\/basicsl.net\/casagaliciacordoba\/wp-json\/wp\/v2\/pages\/31\/revisions\/351"}],"wp:featuredmedia":[{"embeddable":true,"href":"https:\/\/basicsl.net\/casagaliciacordoba\/wp-json\/wp\/v2\/media\/315"}],"wp:attachment":[{"href":"https:\/\/basicsl.net\/casagaliciacordoba\/wp-json\/wp\/v2\/media?parent=31"}],"curies":[{"name":"wp","href":"https:\/\/api.w.org\/{rel}","templated":true}]}}