{"id":30,"date":"2022-12-19T19:55:10","date_gmt":"2022-12-19T19:55:10","guid":{"rendered":"https:\/\/basicsl.net\/casagaliciacordoba\/?page_id=30"},"modified":"2022-12-23T20:51:20","modified_gmt":"2022-12-23T20:51:20","slug":"caseta-en-feria-nuestra-senora-de-la-salud","status":"publish","type":"page","link":"https:\/\/basicsl.net\/casagaliciacordoba\/caseta-en-feria-nuestra-senora-de-la-salud\/","title":{"rendered":"Caseta en Feria Nuestra Se\u00f1ora de la Salud"},"content":{"rendered":"<div class=\"wp-block-image\">\n<figure class=\"aligncenter size-large\"><img decoding=\"async\" loading=\"lazy\" width=\"1024\" height=\"768\" src=\"https:\/\/basicsl.net\/casagaliciacordoba\/wp-content\/uploads\/2022\/12\/portada-feria-1024x768.jpg\" alt=\"\" class=\"wp-image-170\" srcset=\"https:\/\/basicsl.net\/casagaliciacordoba\/wp-content\/uploads\/2022\/12\/portada-feria-1024x768.jpg 1024w, https:\/\/basicsl.net\/casagaliciacordoba\/wp-content\/uploads\/2022\/12\/portada-feria-300x225.jpg 300w, https:\/\/basicsl.net\/casagaliciacordoba\/wp-content\/uploads\/2022\/12\/portada-feria-768x576.jpg 768w, https:\/\/basicsl.net\/casagaliciacordoba\/wp-content\/uploads\/2022\/12\/portada-feria-80x60.jpg 80w, https:\/\/basicsl.net\/casagaliciacordoba\/wp-content\/uploads\/2022\/12\/portada-feria-640x480.jpg 640w, https:\/\/basicsl.net\/casagaliciacordoba\/wp-content\/uploads\/2022\/12\/portada-feria-110x83.jpg 110w, https:\/\/basicsl.net\/casagaliciacordoba\/wp-content\/uploads\/2022\/12\/portada-feria.jpg 1500w\" sizes=\"(max-width: 1024px) 100vw, 1024px\" \/><\/figure><\/div>\n\n\n<p>Desde los inicios de la Casa de Galicia en C\u00f3rdoba hemos estado presentes en la Feria de Nuestra Se\u00f1ora de la Salud en C\u00f3rdoba&nbsp;con caseta propia para el disfrute de todos los socios del centro y de todos los cordobeses. Situada en la calle Mezquita, 6,&nbsp;tiene un lugar privilegiado. en la Portada de la Feria, a los pies de los arcos de nuestra fachada principal. En ella encontramos la decoraci\u00f3n propia de nuestra tierra cordobesa, farolillos, macetas, geranios\u2026 pero tambi\u00e9n encontramos majestuosos carteles y fotograf\u00edas de nuestra tierra madre, Galicia.<\/p>\n\n\n\n<figure class=\"is-layout-flex wp-block-gallery-1 wp-block-gallery has-nested-images columns-default is-cropped\">\n<figure class=\"wp-block-image size-large\"><a href=\"https:\/\/basicsl.net\/casagaliciacordoba\/wp-content\/uploads\/2022\/12\/FOTO-7.jpg\"><img decoding=\"async\" loading=\"lazy\" width=\"480\" height=\"360\" data-id=\"172\"  src=\"https:\/\/basicsl.net\/casagaliciacordoba\/wp-content\/uploads\/2022\/12\/FOTO-7.jpg\" alt=\"\" class=\"wp-image-172\" srcset=\"https:\/\/basicsl.net\/casagaliciacordoba\/wp-content\/uploads\/2022\/12\/FOTO-7.jpg 480w, https:\/\/basicsl.net\/casagaliciacordoba\/wp-content\/uploads\/2022\/12\/FOTO-7-300x225.jpg 300w, https:\/\/basicsl.net\/casagaliciacordoba\/wp-content\/uploads\/2022\/12\/FOTO-7-80x60.jpg 80w, https:\/\/basicsl.net\/casagaliciacordoba\/wp-content\/uploads\/2022\/12\/FOTO-7-110x83.jpg 110w\" sizes=\"(max-width: 480px) 100vw, 480px\" \/><\/a><\/figure>\n\n\n\n<figure class=\"wp-block-image size-large\"><a href=\"https:\/\/basicsl.net\/casagaliciacordoba\/wp-content\/uploads\/2022\/12\/feria.jpg\"><img decoding=\"async\" loading=\"lazy\" width=\"1024\" height=\"768\" data-id=\"174\"  src=\"https:\/\/basicsl.net\/casagaliciacordoba\/wp-content\/uploads\/2022\/12\/feria-1024x768.jpg\" alt=\"\" class=\"wp-image-174\" srcset=\"https:\/\/basicsl.net\/casagaliciacordoba\/wp-content\/uploads\/2022\/12\/feria-1024x768.jpg 1024w, https:\/\/basicsl.net\/casagaliciacordoba\/wp-content\/uploads\/2022\/12\/feria-300x225.jpg 300w, https:\/\/basicsl.net\/casagaliciacordoba\/wp-content\/uploads\/2022\/12\/feria-768x576.jpg 768w, https:\/\/basicsl.net\/casagaliciacordoba\/wp-content\/uploads\/2022\/12\/feria-80x60.jpg 80w, https:\/\/basicsl.net\/casagaliciacordoba\/wp-content\/uploads\/2022\/12\/feria-640x480.jpg 640w, https:\/\/basicsl.net\/casagaliciacordoba\/wp-content\/uploads\/2022\/12\/feria-110x83.jpg 110w, https:\/\/basicsl.net\/casagaliciacordoba\/wp-content\/uploads\/2022\/12\/feria.jpg 1500w\" sizes=\"(max-width: 1024px) 100vw, 1024px\" \/><\/a><\/figure>\n\n\n\n<figure class=\"wp-block-image size-large\"><a href=\"https:\/\/basicsl.net\/casagaliciacordoba\/wp-content\/uploads\/2022\/12\/feria2.jpg\"><img decoding=\"async\" loading=\"lazy\" width=\"1024\" height=\"768\" data-id=\"173\"  src=\"https:\/\/basicsl.net\/casagaliciacordoba\/wp-content\/uploads\/2022\/12\/feria2-1024x768.jpg\" alt=\"\" class=\"wp-image-173\" srcset=\"https:\/\/basicsl.net\/casagaliciacordoba\/wp-content\/uploads\/2022\/12\/feria2-1024x768.jpg 1024w, https:\/\/basicsl.net\/casagaliciacordoba\/wp-content\/uploads\/2022\/12\/feria2-300x225.jpg 300w, https:\/\/basicsl.net\/casagaliciacordoba\/wp-content\/uploads\/2022\/12\/feria2-768x576.jpg 768w, https:\/\/basicsl.net\/casagaliciacordoba\/wp-content\/uploads\/2022\/12\/feria2-80x60.jpg 80w, https:\/\/basicsl.net\/casagaliciacordoba\/wp-content\/uploads\/2022\/12\/feria2-640x480.jpg 640w, https:\/\/basicsl.net\/casagaliciacordoba\/wp-content\/uploads\/2022\/12\/feria2-110x83.jpg 110w, https:\/\/basicsl.net\/casagaliciacordoba\/wp-content\/uploads\/2022\/12\/feria2.jpg 1500w\" sizes=\"(max-width: 1024px) 100vw, 1024px\" \/><\/a><\/figure>\n<\/figure>\n","protected":false},"excerpt":{"rendered":"<p>Desde los inicios de la Casa de Galicia en C\u00f3rdoba hemos estado presentes en la Feria de Nuestra Se\u00f1ora de la Salud en C\u00f3rdoba&nbsp;con caseta propia para el disfrute de &hellip; <\/p>\n","protected":false},"author":1,"featured_media":309,"parent":0,"menu_order":0,"comment_status":"closed","ping_status":"closed","template":"","meta":[],"_links":{"self":[{"href":"https:\/\/basicsl.net\/casagaliciacordoba\/wp-json\/wp\/v2\/pages\/30"}],"collection":[{"href":"https:\/\/basicsl.net\/casagaliciacordoba\/wp-json\/wp\/v2\/pages"}],"about":[{"href":"https:\/\/basicsl.net\/casagaliciacordoba\/wp-json\/wp\/v2\/types\/page"}],"author":[{"embeddable":true,"href":"https:\/\/basicsl.net\/casagaliciacordoba\/wp-json\/wp\/v2\/users\/1"}],"replies":[{"embeddable":true,"href":"https:\/\/basicsl.net\/casagaliciacordoba\/wp-json\/wp\/v2\/comments?post=30"}],"version-history":[{"count":11,"href":"https:\/\/basicsl.net\/casagaliciacordoba\/wp-json\/wp\/v2\/pages\/30\/revisions"}],"predecessor-version":[{"id":358,"href":"https:\/\/basicsl.net\/casagaliciacordoba\/wp-json\/wp\/v2\/pages\/30\/revisions\/358"}],"wp:featuredmedia":[{"embeddable":true,"href":"https:\/\/basicsl.net\/casagaliciacordoba\/wp-json\/wp\/v2\/media\/309"}],"wp:attachment":[{"href":"https:\/\/basicsl.net\/casagaliciacordoba\/wp-json\/wp\/v2\/media?parent=30"}],"curies":[{"name":"wp","href":"https:\/\/api.w.org\/{rel}","templated":true}]}}