{"id":29,"date":"2022-12-19T19:55:10","date_gmt":"2022-12-19T19:55:10","guid":{"rendered":"https:\/\/basicsl.net\/casagaliciacordoba\/?page_id=29"},"modified":"2022-12-23T20:50:40","modified_gmt":"2022-12-23T20:50:40","slug":"perol-romeria","status":"publish","type":"page","link":"https:\/\/basicsl.net\/casagaliciacordoba\/perol-romeria\/","title":{"rendered":"Perol-Romer\u00eda"},"content":{"rendered":"\n<p>De especial importancia son las romer\u00edas en Galicia. Desde que se descubri\u00f3 la tumba del Ap\u00f3stol Santiago, son muy numerosas las romer\u00edas que se realizan a Santiago desde todos los lugares y por todos los caminos del mundo.<\/p>\n\n\n\n<p>Pero no es esta la \u00fanica romer\u00eda que se celebra en Galicia. son muy numerosas las localidades que celebran una romer\u00eda en torno a la figura religiosa de su poblaci\u00f3n.<\/p>\n\n\n\n<p>En un intento de aunar la tradici\u00f3n gallega con una muy especial, la tradici\u00f3n cordobesa del perol, la Casa de Galicia celebra anualmente el \u00abPerol-Romer\u00eda de la Casa de Galicia\u00bb.<\/p>\n\n\n\n<p>&nbsp;Disfrutamos de excelentes aperitivos, gallegos y cordobeses: no falta un poco de marisco, empanada gallega, vino de ribeiro, pero tampoco falta el arroz mixto, propio de los peroles cordobeses. Pero sin duda, lo mejor de todo es compartir charlas, bailes, etc, con todos los socios y amigos. Y ambas vertientes, gastron\u00f3mica y social, amenizadas con la m\u00fasica y el bailes de nuestro Grupo Folcl\u00f3rico que hacen tan entra\u00f1able y especial este perol.<\/p>\n\n\n\n<div class=\"is-layout-constrained wp-block-group\"><div class=\"wp-block-group__inner-container\">\n<div class=\"is-nowrap is-layout-flex wp-container-5 wp-block-group\"><div class=\"wp-block-image\">\n<figure class=\"aligncenter size-large\"><a href=\"https:\/\/basicsl.net\/casagaliciacordoba\/wp-content\/uploads\/2022\/12\/20150418_161844.jpg\"><img decoding=\"async\" loading=\"lazy\" width=\"1024\" height=\"576\" src=\"https:\/\/basicsl.net\/casagaliciacordoba\/wp-content\/uploads\/2022\/12\/20150418_161844-1024x576.jpg\" alt=\"\" class=\"wp-image-168\" srcset=\"https:\/\/basicsl.net\/casagaliciacordoba\/wp-content\/uploads\/2022\/12\/20150418_161844-1024x576.jpg 1024w, https:\/\/basicsl.net\/casagaliciacordoba\/wp-content\/uploads\/2022\/12\/20150418_161844-300x169.jpg 300w, https:\/\/basicsl.net\/casagaliciacordoba\/wp-content\/uploads\/2022\/12\/20150418_161844-768x432.jpg 768w, https:\/\/basicsl.net\/casagaliciacordoba\/wp-content\/uploads\/2022\/12\/20150418_161844-107x60.jpg 107w, https:\/\/basicsl.net\/casagaliciacordoba\/wp-content\/uploads\/2022\/12\/20150418_161844.jpg 1500w\" sizes=\"(max-width: 1024px) 100vw, 1024px\" \/><\/a><\/figure><\/div>\n\n\n<div class=\"is-layout-flex wp-container-4 wp-block-columns are-vertically-aligned-center\">\n<div class=\"is-layout-flow wp-block-column is-vertically-aligned-center\" style=\"flex-basis:100%\">\n<figure class=\"is-layout-flex wp-block-gallery-1 wp-block-gallery has-nested-images columns-default is-cropped\">\n<figure class=\"wp-block-image size-large\"><a href=\"https:\/\/basicsl.net\/casagaliciacordoba\/wp-content\/uploads\/2022\/12\/20150418_142235-scaled.jpg\"><img decoding=\"async\" loading=\"lazy\" width=\"1024\" height=\"576\" src=\"https:\/\/basicsl.net\/casagaliciacordoba\/wp-content\/uploads\/2022\/12\/20150418_142235-1024x576.jpg\" alt=\"\" class=\"wp-image-166\" srcset=\"https:\/\/basicsl.net\/casagaliciacordoba\/wp-content\/uploads\/2022\/12\/20150418_142235-1024x576.jpg 1024w, https:\/\/basicsl.net\/casagaliciacordoba\/wp-content\/uploads\/2022\/12\/20150418_142235-300x169.jpg 300w, https:\/\/basicsl.net\/casagaliciacordoba\/wp-content\/uploads\/2022\/12\/20150418_142235-768x432.jpg 768w, https:\/\/basicsl.net\/casagaliciacordoba\/wp-content\/uploads\/2022\/12\/20150418_142235-1536x864.jpg 1536w, https:\/\/basicsl.net\/casagaliciacordoba\/wp-content\/uploads\/2022\/12\/20150418_142235-2048x1152.jpg 2048w, https:\/\/basicsl.net\/casagaliciacordoba\/wp-content\/uploads\/2022\/12\/20150418_142235-107x60.jpg 107w\" sizes=\"(max-width: 1024px) 100vw, 1024px\" \/><\/a><\/figure>\n<\/figure>\n<\/div>\n<\/div>\n<\/div>\n<\/div><\/div>\n","protected":false},"excerpt":{"rendered":"<p>De especial importancia son las romer\u00edas en Galicia. Desde que se descubri\u00f3 la tumba del Ap\u00f3stol Santiago, son muy numerosas las romer\u00edas que se realizan a Santiago desde todos los &hellip; <\/p>\n","protected":false},"author":1,"featured_media":309,"parent":0,"menu_order":0,"comment_status":"closed","ping_status":"closed","template":"","meta":[],"_links":{"self":[{"href":"https:\/\/basicsl.net\/casagaliciacordoba\/wp-json\/wp\/v2\/pages\/29"}],"collection":[{"href":"https:\/\/basicsl.net\/casagaliciacordoba\/wp-json\/wp\/v2\/pages"}],"about":[{"href":"https:\/\/basicsl.net\/casagaliciacordoba\/wp-json\/wp\/v2\/types\/page"}],"author":[{"embeddable":true,"href":"https:\/\/basicsl.net\/casagaliciacordoba\/wp-json\/wp\/v2\/users\/1"}],"replies":[{"embeddable":true,"href":"https:\/\/basicsl.net\/casagaliciacordoba\/wp-json\/wp\/v2\/comments?post=29"}],"version-history":[{"count":4,"href":"https:\/\/basicsl.net\/casagaliciacordoba\/wp-json\/wp\/v2\/pages\/29\/revisions"}],"predecessor-version":[{"id":357,"href":"https:\/\/basicsl.net\/casagaliciacordoba\/wp-json\/wp\/v2\/pages\/29\/revisions\/357"}],"wp:featuredmedia":[{"embeddable":true,"href":"https:\/\/basicsl.net\/casagaliciacordoba\/wp-json\/wp\/v2\/media\/309"}],"wp:attachment":[{"href":"https:\/\/basicsl.net\/casagaliciacordoba\/wp-json\/wp\/v2\/media?parent=29"}],"curies":[{"name":"wp","href":"https:\/\/api.w.org\/{rel}","templated":true}]}}