{"id":28,"date":"2022-12-19T19:55:10","date_gmt":"2022-12-19T19:55:10","guid":{"rendered":"https:\/\/basicsl.net\/casagaliciacordoba\/?page_id=28"},"modified":"2022-12-22T23:03:07","modified_gmt":"2022-12-22T23:03:07","slug":"premio-de-poesia-rosalia-de-castro","status":"publish","type":"page","link":"https:\/\/basicsl.net\/casagaliciacordoba\/premio-de-poesia-rosalia-de-castro\/","title":{"rendered":"Premio de poes\u00eda Rosal\u00eda de Castro"},"content":{"rendered":"\n<p>Casa de Galicia en C\u00f3rdoba convoca el Premio de poes\u00eda Rosal\u00eda de Castro con el objeto de promover la poes\u00eda, las letras, la cultura, la vida\u2026. Y&nbsp;&nbsp;lo hace en torno a una de las figuras m\u00e1s relevantes de la literatura gallega, Rosal\u00eda de Castro.<\/p>\n\n\n<div class=\"wp-block-image\">\n<figure class=\"aligncenter size-full is-resized\"><img decoding=\"async\" loading=\"lazy\" src=\"https:\/\/basicsl.net\/casagaliciacordoba\/wp-content\/uploads\/2022\/12\/PREMIO-ROSALIA-DE-CASTRO-300x120-1.jpg\" alt=\"\" class=\"wp-image-164\" width=\"584\" height=\"234\" srcset=\"https:\/\/basicsl.net\/casagaliciacordoba\/wp-content\/uploads\/2022\/12\/PREMIO-ROSALIA-DE-CASTRO-300x120-1.jpg 300w, https:\/\/basicsl.net\/casagaliciacordoba\/wp-content\/uploads\/2022\/12\/PREMIO-ROSALIA-DE-CASTRO-300x120-1-150x60.jpg 150w\" sizes=\"(max-width: 584px) 100vw, 584px\" \/><\/figure><\/div>","protected":false},"excerpt":{"rendered":"<p>Casa de Galicia en C\u00f3rdoba convoca el Premio de poes\u00eda Rosal\u00eda de Castro con el objeto de promover la poes\u00eda, las letras, la cultura, la vida\u2026. Y&nbsp;&nbsp;lo hace en torno &hellip; <\/p>\n","protected":false},"author":1,"featured_media":309,"parent":0,"menu_order":0,"comment_status":"closed","ping_status":"closed","template":"","meta":[],"_links":{"self":[{"href":"https:\/\/basicsl.net\/casagaliciacordoba\/wp-json\/wp\/v2\/pages\/28"}],"collection":[{"href":"https:\/\/basicsl.net\/casagaliciacordoba\/wp-json\/wp\/v2\/pages"}],"about":[{"href":"https:\/\/basicsl.net\/casagaliciacordoba\/wp-json\/wp\/v2\/types\/page"}],"author":[{"embeddable":true,"href":"https:\/\/basicsl.net\/casagaliciacordoba\/wp-json\/wp\/v2\/users\/1"}],"replies":[{"embeddable":true,"href":"https:\/\/basicsl.net\/casagaliciacordoba\/wp-json\/wp\/v2\/comments?post=28"}],"version-history":[{"count":4,"href":"https:\/\/basicsl.net\/casagaliciacordoba\/wp-json\/wp\/v2\/pages\/28\/revisions"}],"predecessor-version":[{"id":312,"href":"https:\/\/basicsl.net\/casagaliciacordoba\/wp-json\/wp\/v2\/pages\/28\/revisions\/312"}],"wp:featuredmedia":[{"embeddable":true,"href":"https:\/\/basicsl.net\/casagaliciacordoba\/wp-json\/wp\/v2\/media\/309"}],"wp:attachment":[{"href":"https:\/\/basicsl.net\/casagaliciacordoba\/wp-json\/wp\/v2\/media?parent=28"}],"curies":[{"name":"wp","href":"https:\/\/api.w.org\/{rel}","templated":true}]}}