{"id":24,"date":"2022-12-19T19:55:10","date_gmt":"2022-12-19T19:55:10","guid":{"rendered":"https:\/\/basicsl.net\/casagaliciacordoba\/?page_id=24"},"modified":"2022-12-22T22:59:03","modified_gmt":"2022-12-22T22:59:03","slug":"junta-directiva","status":"publish","type":"page","link":"https:\/\/basicsl.net\/casagaliciacordoba\/junta-directiva\/","title":{"rendered":"Junta directiva"},"content":{"rendered":"\n<p>Presidenta:&nbsp;Rosa Mar\u00eda Outeiri\u00f1o Otero<\/p>\n\n\n\n<p>Vicepresidente: Alberto Mi\u00f1o Fugarolas<\/p>\n\n\n\n<p>Vicepresidenta: Dolores V\u00e1zquez Baldonedo<\/p>\n\n\n\n<p>Secretaria : Laura \u00c1lvarez Al\u00e9n<\/p>\n\n\n\n<p>Tesorera: Maribel Le\u00f3n Lillo<\/p>\n\n\n\n<p>Coordinadora General de Actividades: Mar\u00eda Isabel Le\u00f3n Lillo<\/p>\n\n\n\n<p>Vocales de Actividades culturales: Bartolom\u00e9 Garc\u00eda S\u00e1nchez y Herminio Cambeiro Cives<\/p>\n\n\n\n<p>Vocal de socios:&nbsp;Manuel Seoane Gonz\u00e1lez<\/p>\n\n\n\n<p>Vocal de Actividades Gastron\u00f3micas: Adolfo Send\u00edn Send\u00edn<\/p>\n\n\n\n<p>Vocal de Relaciones con el Entorno de la Parroquia de San Pedro:&nbsp;Luc\u00eda Rodr\u00edguez Astr\u00faa<\/p>\n\n\n\n<p>Vocal de Relaciones Institucionales: Mar\u00eda Isabel Garc\u00eda Cano<\/p>\n\n\n\n<p>Presidente de secci\u00f3n Amigos del Camino de Santiago: Isidro Rodr\u00edguez Rodr\u00edguez<\/p>\n\n\n\n<p>Presidenta de secci\u00f3n Coro Mart\u00edn C\u00f3dax:&nbsp;Dolores Cabanillas Fern\u00e1ndez<\/p>\n","protected":false},"excerpt":{"rendered":"<p>Presidenta:&nbsp;Rosa Mar\u00eda Outeiri\u00f1o Otero Vicepresidente: Alberto Mi\u00f1o Fugarolas Vicepresidenta: Dolores V\u00e1zquez Baldonedo Secretaria : Laura \u00c1lvarez Al\u00e9n Tesorera: Maribel Le\u00f3n Lillo Coordinadora General de Actividades: Mar\u00eda Isabel Le\u00f3n Lillo Vocales &hellip; <\/p>\n","protected":false},"author":1,"featured_media":308,"parent":0,"menu_order":0,"comment_status":"closed","ping_status":"closed","template":"","meta":[],"_links":{"self":[{"href":"https:\/\/basicsl.net\/casagaliciacordoba\/wp-json\/wp\/v2\/pages\/24"}],"collection":[{"href":"https:\/\/basicsl.net\/casagaliciacordoba\/wp-json\/wp\/v2\/pages"}],"about":[{"href":"https:\/\/basicsl.net\/casagaliciacordoba\/wp-json\/wp\/v2\/types\/page"}],"author":[{"embeddable":true,"href":"https:\/\/basicsl.net\/casagaliciacordoba\/wp-json\/wp\/v2\/users\/1"}],"replies":[{"embeddable":true,"href":"https:\/\/basicsl.net\/casagaliciacordoba\/wp-json\/wp\/v2\/comments?post=24"}],"version-history":[{"count":2,"href":"https:\/\/basicsl.net\/casagaliciacordoba\/wp-json\/wp\/v2\/pages\/24\/revisions"}],"predecessor-version":[{"id":152,"href":"https:\/\/basicsl.net\/casagaliciacordoba\/wp-json\/wp\/v2\/pages\/24\/revisions\/152"}],"wp:featuredmedia":[{"embeddable":true,"href":"https:\/\/basicsl.net\/casagaliciacordoba\/wp-json\/wp\/v2\/media\/308"}],"wp:attachment":[{"href":"https:\/\/basicsl.net\/casagaliciacordoba\/wp-json\/wp\/v2\/media?parent=24"}],"curies":[{"name":"wp","href":"https:\/\/api.w.org\/{rel}","templated":true}]}}